{"id":31,"date":"2022-04-21T18:32:37","date_gmt":"2022-04-21T18:32:37","guid":{"rendered":"https:\/\/ravntech.dk\/?page_id=31"},"modified":"2022-04-22T16:08:38","modified_gmt":"2022-04-22T16:08:38","slug":"boger","status":"publish","type":"page","link":"https:\/\/ravntech.dk\/index.php\/boger\/","title":{"rendered":"B\u00f8ger"},"content":{"rendered":"\t\t<div data-elementor-type=\"wp-page\" data-elementor-id=\"31\" class=\"elementor elementor-31\">\n\t\t\t\t\t\t\t\t\t<section class=\"elementor-section elementor-top-section elementor-element elementor-element-269ec22 elementor-section-boxed elementor-section-height-default elementor-section-height-default\" data-id=\"269ec22\" data-element_type=\"section\" data-settings=\"{&quot;_ha_eqh_enable&quot;:false}\">\n\t\t\t\t\t\t<div class=\"elementor-container elementor-column-gap-default\">\n\t\t\t\t\t<div class=\"elementor-column elementor-col-66 elementor-top-column elementor-element elementor-element-103547c\" data-id=\"103547c\" data-element_type=\"column\">\n\t\t\t<div class=\"elementor-widget-wrap elementor-element-populated\">\n\t\t\t\t\t\t\t\t<div class=\"elementor-element elementor-element-45bcaee elementor-widget elementor-widget-text-editor\" data-id=\"45bcaee\" data-element_type=\"widget\" data-widget_type=\"text-editor.default\">\n\t\t\t\t<div class=\"elementor-widget-container\">\n\t\t\t<style>\/*! elementor - v3.6.5 - 27-04-2022 *\/\n.elementor-widget-text-editor.elementor-drop-cap-view-stacked .elementor-drop-cap{background-color:#818a91;color:#fff}.elementor-widget-text-editor.elementor-drop-cap-view-framed .elementor-drop-cap{color:#818a91;border:3px solid;background-color:transparent}.elementor-widget-text-editor:not(.elementor-drop-cap-view-default) .elementor-drop-cap{margin-top:8px}.elementor-widget-text-editor:not(.elementor-drop-cap-view-default) .elementor-drop-cap-letter{width:1em;height:1em}.elementor-widget-text-editor .elementor-drop-cap{float:left;text-align:center;line-height:1;font-size:50px}.elementor-widget-text-editor .elementor-drop-cap-letter{display:inline-block}<\/style>\t\t\t\t<h1 style=\"text-align: center;\"><span class=\"s1\">Verdens<b> moderen<\/b><\/span><\/h1><h2 style=\"text-align: center;\"><span class=\"s1\"><b>I<\/b> kommer<b> af stjernerne<\/b><\/span><\/h2><p>Denne bog er blevet til i et samarbejde med Den Sorte Madonna, Den Store Moder, som hun kalder sig selv.<\/p><p>I september 2011 var jeg p\u00e5 pilgrimsvandring i Den Sorte Madonnas fodspor ned gennem Frankrig til Spanien. N\u00e6rmere betegnet til Chartres Katedralen, Rocamadour og Monts\u00e9gur i Frankrig samt Montserrat i Spanien. Alle disse steder har Den Sorte Madonna stor betydning.<\/p><p>I Rocamadour blev jeg for f\u00f8rste gang kontaktet af hende. Hun kom til mig og lod mig m\u00e6rke hendes energi. I Montserrat blev jeg spurgt om jeg ville skrive hendes ord og viderebringe dem. Efter hjemkomsten nedskrev jeg gennem et halvt \u00e5r hendes ord. Ud af disse m\u00f8der er kommet denne bog.<\/p><p>Jeg h\u00e5ber den vil bringe gl\u00e6de og indsigt.<\/p><p>Citater fra bogen:<br \/><em>Jesus vandrede i \u00f8rkenen p\u00e5 vej mod et m\u00e5l, som I vandrede og vandrer. Der er t\u00f8rhed og knast\u00f8rre buske. Alting st\u00f8ver og er t\u00f8rt. Men kilden springer frem p\u00e5 det allert\u00f8rreste sted.<\/em><\/p><p><em>Jeg er Maria Magdalene, en del af Den Store Moder. Da jeg gik p\u00e5 jorden, vidste jeg ikke, hvorfor jeg gik der, og hvem jeg var, s\u00e5 jeg ved hvordan det er at g\u00e5. Men fortvivl ikke, alting vil \u00e5benbares for jer, som det gjorde det for mig.<\/em><\/p><p><em>Jorden drejer, tiden g\u00e5r. Jeg kommer tilbage, jeg ER tilbage. Mange bem\u00e6rker det, men de fleste \u00e6nser det ikke. Stjerne skal funkle igen. F\u00f8rst var jorden, siden kom vi.<\/em><\/p><p>Du kan bestille bogen ved henvendelse til mig, Astrid Ravn p\u00e5 telefon eller mail, se under kontakt. S\u00e5 sender jeg bogen til dig.<\/p><p>Pris: 149 kr inkl. forsendelse.<\/p>\t\t\t\t\t\t<\/div>\n\t\t\t\t<\/div>\n\t\t\t\t\t<\/div>\n\t\t<\/div>\n\t\t\t\t<div class=\"elementor-column elementor-col-33 elementor-top-column elementor-element elementor-element-ede54bb\" data-id=\"ede54bb\" data-element_type=\"column\">\n\t\t\t<div class=\"elementor-widget-wrap elementor-element-populated\">\n\t\t\t\t\t\t\t\t<div class=\"elementor-element elementor-element-3bd6f7a elementor-widget elementor-widget-image\" data-id=\"3bd6f7a\" data-element_type=\"widget\" data-widget_type=\"image.default\">\n\t\t\t\t<div class=\"elementor-widget-container\">\n\t\t\t<style>\/*! elementor - v3.6.5 - 27-04-2022 *\/\n.elementor-widget-image{text-align:center}.elementor-widget-image a{display:inline-block}.elementor-widget-image a img[src$=\".svg\"]{width:48px}.elementor-widget-image img{vertical-align:middle;display:inline-block}<\/style>\t\t\t\t\t\t\t\t\t\t\t\t<img decoding=\"async\" width=\"681\" height=\"1024\" src=\"https:\/\/ravntech.dk\/wp-content\/uploads\/2022\/04\/Forside-681x1024.jpg\" class=\"attachment-large size-large\" alt=\"\" loading=\"lazy\" srcset=\"https:\/\/ravntech.dk\/wp-content\/uploads\/2022\/04\/Forside-681x1024.jpg 681w, https:\/\/ravntech.dk\/wp-content\/uploads\/2022\/04\/Forside-199x300.jpg 199w, https:\/\/ravntech.dk\/wp-content\/uploads\/2022\/04\/Forside-768x1155.jpg 768w, https:\/\/ravntech.dk\/wp-content\/uploads\/2022\/04\/Forside.jpg 879w\" sizes=\"(max-width: 681px) 100vw, 681px\" \/>\t\t\t\t\t\t\t\t\t\t\t\t\t\t\t<\/div>\n\t\t\t\t<\/div>\n\t\t\t\t\t<\/div>\n\t\t<\/div>\n\t\t\t\t\t\t\t<\/div>\n\t\t<\/section>\n\t\t\t\t\t\t\t<\/div>\n\t\t","protected":false},"excerpt":{"rendered":"<p>Verdens moderen I kommer af stjernerne Denne bog er blevet til i et samarbejde med Den Sorte Madonna, Den Store Moder, som hun kalder sig selv. I september 2011 var jeg p\u00e5 pilgrimsvandring i Den Sorte Madonnas fodspor ned gennem Frankrig til Spanien. N\u00e6rmere betegnet til Chartres Katedralen, Rocamadour og Monts\u00e9gur i Frankrig samt Montserrat [&hellip;]<\/p>\n","protected":false},"author":1,"featured_media":0,"parent":0,"menu_order":0,"comment_status":"closed","ping_status":"closed","template":"","meta":{"ngg_post_thumbnail":0},"_links":{"self":[{"href":"https:\/\/ravntech.dk\/index.php\/wp-json\/wp\/v2\/pages\/31"}],"collection":[{"href":"https:\/\/ravntech.dk\/index.php\/wp-json\/wp\/v2\/pages"}],"about":[{"href":"https:\/\/ravntech.dk\/index.php\/wp-json\/wp\/v2\/types\/page"}],"author":[{"embeddable":true,"href":"https:\/\/ravntech.dk\/index.php\/wp-json\/wp\/v2\/users\/1"}],"replies":[{"embeddable":true,"href":"https:\/\/ravntech.dk\/index.php\/wp-json\/wp\/v2\/comments?post=31"}],"version-history":[{"count":20,"href":"https:\/\/ravntech.dk\/index.php\/wp-json\/wp\/v2\/pages\/31\/revisions"}],"predecessor-version":[{"id":227,"href":"https:\/\/ravntech.dk\/index.php\/wp-json\/wp\/v2\/pages\/31\/revisions\/227"}],"wp:attachment":[{"href":"https:\/\/ravntech.dk\/index.php\/wp-json\/wp\/v2\/media?parent=31"}],"curies":[{"name":"wp","href":"https:\/\/api.w.org\/{rel}","templated":true}]}}