{"id":35,"date":"2022-04-21T18:35:16","date_gmt":"2022-04-21T18:35:16","guid":{"rendered":"https:\/\/ravntech.dk\/?page_id=35"},"modified":"2022-04-23T20:31:24","modified_gmt":"2022-04-23T20:31:24","slug":"home","status":"publish","type":"page","link":"https:\/\/ravntech.dk\/","title":{"rendered":"Home"},"content":{"rendered":"\t\t<div data-elementor-type=\"wp-page\" data-elementor-id=\"35\" class=\"elementor elementor-35\">\n\t\t\t\t\t\t\t\t\t<section class=\"elementor-section elementor-top-section elementor-element elementor-element-f3e8c10 elementor-section-boxed elementor-section-height-default elementor-section-height-default\" data-id=\"f3e8c10\" data-element_type=\"section\" data-settings=\"{&quot;_ha_eqh_enable&quot;:false}\">\n\t\t\t\t\t\t<div class=\"elementor-container elementor-column-gap-default\">\n\t\t\t\t\t<div class=\"elementor-column elementor-col-100 elementor-top-column elementor-element elementor-element-36ef736\" data-id=\"36ef736\" data-element_type=\"column\">\n\t\t\t<div class=\"elementor-widget-wrap elementor-element-populated\">\n\t\t\t\t\t\t\t\t<div class=\"elementor-element elementor-element-83c822e elementor-arrows-position-inside elementor-pagination-position-outside elementor-widget elementor-widget-image-carousel\" data-id=\"83c822e\" data-element_type=\"widget\" data-settings=\"{&quot;slides_to_show&quot;:&quot;1&quot;,&quot;pause_on_hover&quot;:&quot;no&quot;,&quot;autoplay_speed&quot;:3000,&quot;navigation&quot;:&quot;both&quot;,&quot;autoplay&quot;:&quot;yes&quot;,&quot;pause_on_interaction&quot;:&quot;yes&quot;,&quot;infinite&quot;:&quot;yes&quot;,&quot;effect&quot;:&quot;slide&quot;,&quot;speed&quot;:500}\" data-widget_type=\"image-carousel.default\">\n\t\t\t\t<div class=\"elementor-widget-container\">\n\t\t\t<style>\/*! elementor - v3.6.5 - 27-04-2022 *\/\n.elementor-widget-image-carousel .swiper-container{position:static}.elementor-widget-image-carousel .swiper-container .swiper-slide figure{line-height:inherit}.elementor-widget-image-carousel .swiper-slide{text-align:center}.elementor-image-carousel-wrapper:not(.swiper-container-initialized) .swiper-slide{max-width:calc(100% \/ var(--e-image-carousel-slides-to-show, 3))}<\/style>\t\t<div class=\"elementor-image-carousel-wrapper swiper-container\" dir=\"ltr\">\n\t\t\t<div class=\"elementor-image-carousel swiper-wrapper\">\n\t\t\t\t\t\t\t\t<div class=\"swiper-slide\"><figure class=\"swiper-slide-inner\"><img decoding=\"async\" class=\"swiper-slide-image\" src=\"https:\/\/ravntech.dk\/wp-content\/uploads\/elementor\/thumbs\/DSF_7724-pnphkittenxj8airdttp6zgjp0fuy28nj676iq76nk.jpg\" alt=\"Caption1\" \/><\/figure><\/div><div class=\"swiper-slide\"><figure class=\"swiper-slide-inner\"><img decoding=\"async\" class=\"swiper-slide-image\" src=\"https:\/\/ravntech.dk\/wp-content\/uploads\/elementor\/thumbs\/DSF_7721-pnphkhvz7tw8wok4jbf2mhp33mkhqd4x71jp1g8kts.jpg\" alt=\"Caption2\" \/><\/figure><\/div><div class=\"swiper-slide\"><figure class=\"swiper-slide-inner\"><img decoding=\"async\" class=\"swiper-slide-image\" src=\"https:\/\/ravntech.dk\/wp-content\/uploads\/elementor\/thumbs\/DSF_7163-pnphkg0au5to9gmuualthi65wutrayxgis8q2wbd68.jpg\" alt=\"DSF_7163\" \/><\/figure><\/div>\t\t\t<\/div>\n\t\t\t\t\t\t\t\t\t\t\t\t<div class=\"swiper-pagination\"><\/div>\n\t\t\t\t\t\t\t\t\t\t\t\t\t<div class=\"elementor-swiper-button elementor-swiper-button-prev\">\n\t\t\t\t\t\t<i aria-hidden=\"true\" class=\"eicon-chevron-left\"><\/i>\t\t\t\t\t\t<span class=\"elementor-screen-only\">Previous<\/span>\n\t\t\t\t\t<\/div>\n\t\t\t\t\t<div class=\"elementor-swiper-button elementor-swiper-button-next\">\n\t\t\t\t\t\t<i aria-hidden=\"true\" class=\"eicon-chevron-right\"><\/i>\t\t\t\t\t\t<span class=\"elementor-screen-only\">Next<\/span>\n\t\t\t\t\t<\/div>\n\t\t\t\t\t\t\t\t\t<\/div>\n\t\t\t\t<\/div>\n\t\t\t\t<\/div>\n\t\t\t\t\t<\/div>\n\t\t<\/div>\n\t\t\t\t\t\t\t<\/div>\n\t\t<\/section>\n\t\t\t\t<section class=\"elementor-section elementor-top-section elementor-element elementor-element-25962a5 elementor-section-boxed elementor-section-height-default elementor-section-height-default\" data-id=\"25962a5\" data-element_type=\"section\" data-settings=\"{&quot;_ha_eqh_enable&quot;:false}\">\n\t\t\t\t\t\t<div class=\"elementor-container elementor-column-gap-default\">\n\t\t\t\t\t<div class=\"elementor-column elementor-col-100 elementor-top-column elementor-element elementor-element-5e9ba84\" data-id=\"5e9ba84\" data-element_type=\"column\">\n\t\t\t<div class=\"elementor-widget-wrap elementor-element-populated\">\n\t\t\t\t\t\t\t\t<div class=\"elementor-element elementor-element-b3cf9f8 elementor-widget elementor-widget-text-editor\" data-id=\"b3cf9f8\" data-element_type=\"widget\" data-widget_type=\"text-editor.default\">\n\t\t\t\t<div class=\"elementor-widget-container\">\n\t\t\t<style>\/*! elementor - v3.6.5 - 27-04-2022 *\/\n.elementor-widget-text-editor.elementor-drop-cap-view-stacked .elementor-drop-cap{background-color:#818a91;color:#fff}.elementor-widget-text-editor.elementor-drop-cap-view-framed .elementor-drop-cap{color:#818a91;border:3px solid;background-color:transparent}.elementor-widget-text-editor:not(.elementor-drop-cap-view-default) .elementor-drop-cap{margin-top:8px}.elementor-widget-text-editor:not(.elementor-drop-cap-view-default) .elementor-drop-cap-letter{width:1em;height:1em}.elementor-widget-text-editor .elementor-drop-cap{float:left;text-align:center;line-height:1;font-size:50px}.elementor-widget-text-editor .elementor-drop-cap-letter{display:inline-block}<\/style>\t\t\t\t<p class=\"font_8\">F\u00f8rst kom farverne\u2026..<\/p><p class=\"font_8\">Farverne styrer mine malerier.<\/p><p class=\"font_8\">Blide farver, st\u00e6rke farver, m\u00f8rke farver, lyse farver, alt dette bygger mine malerier op. Lag p\u00e5 lag, noget gemt, noget anes og andet st\u00e5r helt fremme og er synligt. Tynde lag, tykke lag, med pensel, spartel og andre remedier er med til at give struktur og dybde i maleriet.<\/p><p class=\"font_8\">Mine malerier er overvejende abstrakte med elementer af form.<\/p><p class=\"font_8\">Det f\u00e6rdige resultat vokser stille og roligt frem. Jeg kan undervejs i processen m\u00e6rke bev\u00e6gelsen i maleriet, n\u00e5r noget mangler, n\u00e5r farverne spiller sammen, n\u00e5r noget fungerer eller skal v\u00e6k.<\/p><p class=\"font_8\">Mine malerier er ofte en opdagelsesrejse, hvor beskueren\u00a0hele tiden kan f\u00e5 \u00f8je p\u00e5 nye facetter, farver og former. P\u00e5 den m\u00e5de taler billederne, giver ro og fordybelse.<\/p>\t\t\t\t\t\t<\/div>\n\t\t\t\t<\/div>\n\t\t\t\t\t<\/div>\n\t\t<\/div>\n\t\t\t\t\t\t\t<\/div>\n\t\t<\/section>\n\t\t\t\t\t\t\t<\/div>\n\t\t","protected":false},"excerpt":{"rendered":"<p>Previous Next F\u00f8rst kom farverne\u2026.. Farverne styrer mine malerier. Blide farver, st\u00e6rke farver, m\u00f8rke farver, lyse farver, alt dette bygger mine malerier op. Lag p\u00e5 lag, noget gemt, noget anes og andet st\u00e5r helt fremme og er synligt. Tynde lag, tykke lag, med pensel, spartel og andre remedier er med til at give struktur og [&hellip;]<\/p>\n","protected":false},"author":1,"featured_media":0,"parent":0,"menu_order":0,"comment_status":"closed","ping_status":"closed","template":"","meta":{"ngg_post_thumbnail":0},"_links":{"self":[{"href":"https:\/\/ravntech.dk\/index.php\/wp-json\/wp\/v2\/pages\/35"}],"collection":[{"href":"https:\/\/ravntech.dk\/index.php\/wp-json\/wp\/v2\/pages"}],"about":[{"href":"https:\/\/ravntech.dk\/index.php\/wp-json\/wp\/v2\/types\/page"}],"author":[{"embeddable":true,"href":"https:\/\/ravntech.dk\/index.php\/wp-json\/wp\/v2\/users\/1"}],"replies":[{"embeddable":true,"href":"https:\/\/ravntech.dk\/index.php\/wp-json\/wp\/v2\/comments?post=35"}],"version-history":[{"count":25,"href":"https:\/\/ravntech.dk\/index.php\/wp-json\/wp\/v2\/pages\/35\/revisions"}],"predecessor-version":[{"id":178,"href":"https:\/\/ravntech.dk\/index.php\/wp-json\/wp\/v2\/pages\/35\/revisions\/178"}],"wp:attachment":[{"href":"https:\/\/ravntech.dk\/index.php\/wp-json\/wp\/v2\/media?parent=35"}],"curies":[{"name":"wp","href":"https:\/\/api.w.org\/{rel}","templated":true}]}}